{"id":2,"date":"2024-01-25T10:38:37","date_gmt":"2024-01-25T10:38:37","guid":{"rendered":"http:\/\/katarzynasobolewska.pl\/?page_id=2"},"modified":"2024-02-10T10:44:37","modified_gmt":"2024-02-10T10:44:37","slug":"sample-page","status":"publish","type":"page","link":"https:\/\/katarzynasobolewska.pl\/","title":{"rendered":""},"content":{"rendered":"\n<div class=\"wp-block-media-text is-stacked-on-mobile\" style=\"grid-template-columns:36% auto\"><figure class=\"wp-block-media-text__media\"><img loading=\"lazy\" decoding=\"async\" width=\"1024\" height=\"1024\" src=\"http:\/\/katarzynasobolewska.pl\/wp-content\/uploads\/2024\/02\/15-1024x1024.jpg\" alt=\"\" class=\"wp-image-242 size-full\" srcset=\"https:\/\/katarzynasobolewska.pl\/wp-content\/uploads\/2024\/02\/15-1024x1024.jpg 1024w, https:\/\/katarzynasobolewska.pl\/wp-content\/uploads\/2024\/02\/15-300x300.jpg 300w, https:\/\/katarzynasobolewska.pl\/wp-content\/uploads\/2024\/02\/15-150x150.jpg 150w, https:\/\/katarzynasobolewska.pl\/wp-content\/uploads\/2024\/02\/15-768x768.jpg 768w, https:\/\/katarzynasobolewska.pl\/wp-content\/uploads\/2024\/02\/15.jpg 1080w\" sizes=\"auto, (max-width: 1024px) 100vw, 1024px\" \/><\/figure><div class=\"wp-block-media-text__content\">\n<h2 class=\"wp-block-heading has-text-align-center\">Katarzyna Sobolewska<\/h2>\n\n\n\n<p class=\"has-text-align-center has-small-font-size\"><strong>Certyfikowany Coach ICC, trener rozwoju osobistego, cz\u0142onek ACMP (Association of Change Management Profesionals), akredytowany trener Insights Discovery.<\/strong><br><br><strong>Absolwentka wydzia\u0142u Pedagogiki i Psychologii Uniwersytetu <br>w Bia\u0142ymstoku oraz Podyplomowego Studium Mened\u017cerskiego <br>w SGH i w Akademii Psychologii Przyw\u00f3dztwa w Szkole Biznesu Politechniki Warszawskiej<\/strong><\/p>\n\n\n\n<p class=\"has-text-align-center has-small-font-size\"><strong>Do\u015bwiadczenie w biznesie zdobywa\u0142a na r\u00f3\u017cnych stanowiskach: prowadz\u0105c w\u0142asn\u0105 firm\u0119, pracuj\u0105c w korporacjach, realizuj\u0105c zewn\u0119trzne projekty dla znanych firm<\/strong><strong>&nbsp;&nbsp;<\/strong><strong>i pracuj\u0105c jako Interim Manager. Prelegentka i m\u00f3wca biznesowy w zakresie przyw\u00f3dztwa, zarz\u0105dzania zmian\u0105, sprzeda\u017cy i komunikacji.<\/strong><\/p>\n\n\n\n<div class=\"wp-block-buttons is-content-justification-center is-layout-flex wp-container-core-buttons-is-layout-a89b3969 wp-block-buttons-is-layout-flex\">\n<div class=\"wp-block-button has-custom-width wp-block-button__width-75 is-style-fill\"><a class=\"wp-block-button__link has-black-color has-background-color-background-color has-text-color has-background has-link-color wp-element-button\" href=\"http:\/\/katarzynasobolewska.pl\/index.php\/o-mnie\/\">Dowiedz si\u0119 wi\u0119cej<\/a><\/div>\n<\/div>\n<\/div><\/div>\n\n\n\n<div style=\"height:100px\" aria-hidden=\"true\" class=\"wp-block-spacer\"><\/div>\n","protected":false},"excerpt":{"rendered":"","protected":false},"author":1,"featured_media":98,"parent":0,"menu_order":0,"comment_status":"closed","ping_status":"open","template":"","meta":{"footnotes":""},"class_list":["post-2","page","type-page","status-publish","has-post-thumbnail","hentry"],"_links":{"self":[{"href":"https:\/\/katarzynasobolewska.pl\/index.php\/wp-json\/wp\/v2\/pages\/2","targetHints":{"allow":["GET"]}}],"collection":[{"href":"https:\/\/katarzynasobolewska.pl\/index.php\/wp-json\/wp\/v2\/pages"}],"about":[{"href":"https:\/\/katarzynasobolewska.pl\/index.php\/wp-json\/wp\/v2\/types\/page"}],"author":[{"embeddable":true,"href":"https:\/\/katarzynasobolewska.pl\/index.php\/wp-json\/wp\/v2\/users\/1"}],"replies":[{"embeddable":true,"href":"https:\/\/katarzynasobolewska.pl\/index.php\/wp-json\/wp\/v2\/comments?post=2"}],"version-history":[{"count":13,"href":"https:\/\/katarzynasobolewska.pl\/index.php\/wp-json\/wp\/v2\/pages\/2\/revisions"}],"predecessor-version":[{"id":243,"href":"https:\/\/katarzynasobolewska.pl\/index.php\/wp-json\/wp\/v2\/pages\/2\/revisions\/243"}],"wp:featuredmedia":[{"embeddable":true,"href":"https:\/\/katarzynasobolewska.pl\/index.php\/wp-json\/wp\/v2\/media\/98"}],"wp:attachment":[{"href":"https:\/\/katarzynasobolewska.pl\/index.php\/wp-json\/wp\/v2\/media?parent=2"}],"curies":[{"name":"wp","href":"https:\/\/api.w.org\/{rel}","templated":true}]}}